{"id":557,"date":"2025-09-13T13:41:01","date_gmt":"2025-09-13T11:41:01","guid":{"rendered":"https:\/\/domwil-verdi.pl\/?page_id=557"},"modified":"2025-09-13T14:05:38","modified_gmt":"2025-09-13T12:05:38","slug":"polityka-prywatnosci","status":"publish","type":"page","link":"https:\/\/domwil-verdi.pl\/?page_id=557","title":{"rendered":"Polityka prywatno\u015bci"},"content":{"rendered":"\t\t<div data-elementor-type=\"wp-post\" data-elementor-id=\"557\" class=\"elementor elementor-557\">\n\t\t\t\t<div class=\"elementor-element elementor-element-e953728 e-flex e-con-boxed e-con e-parent\" data-id=\"e953728\" data-element_type=\"container\">\n\t\t\t\t\t<div class=\"e-con-inner\">\n\t\t\t\t<div class=\"elementor-element elementor-element-25d77d4 elementor-widget elementor-widget-heading\" data-id=\"25d77d4\" data-element_type=\"widget\" data-widget_type=\"heading.default\">\n\t\t\t\t\t<h2 class=\"elementor-heading-title elementor-size-default\">Polityka prywatno\u015bci<\/h2>\t\t\t\t<\/div>\n\t\t\t\t<div class=\"elementor-element elementor-element-e614f5b elementor-widget elementor-widget-text-editor\" data-id=\"e614f5b\" data-element_type=\"widget\" data-widget_type=\"text-editor.default\">\n\t\t\t\t\t\t\t\t\t<p style=\"text-align: justify; font-weight: 400;\">\nAdministratorem danych osobowych jest <strong>DOMWIL VERDI Sp. z o.o. z siedzib\u0105 przy ul. Solferino 33, 04-431 Warszawa.<\/strong> Dane osobowe b\u0119d\u0105 przetwarzane w celu skontaktowania si\u0119 w celach ofertowych, w zwi\u0105zku z wype\u0142nieniem formularza.\n<\/p>\n\n<p style=\"text-align: justify; font-weight: 400;\">\nWi\u0119cej informacji o przys\u0142uguj\u0105cych prawach i przetwarzaniu danych osobowych znajduje si\u0119 w polityce prywatno\u015bci.\n<\/p>\n\n<p style=\"text-align: justify;\">\n<strong><span style=\"font-size: 20px;\">Polityka prywatno\u015bci<\/span><\/strong>\n<\/p>\n\n<p style=\"text-align: justify;\">\n<strong><span style=\"font-size: 20px;\">INFORMACJE DOTYCZ\u0104CE PRZETWARZANIA DANYCH OSOBOWYCH<\/span><\/strong>\n<\/p>\n\n<p style=\"text-align: justify; font-weight: 400;\">\nPolityka prywatno\u015bci serwisu <a href=\"http:\/\/www.domwil-verdi.pl\">www.domwil-verdi.pl<\/a> skierowana jest do os\u00f3b z niego korzystaj\u0105cych, zwanych dalej \u201eU\u017cytkownikami.\u201d Prezentuje zakres danych dotycz\u0105cych osobistej identyfikacji U\u017cytkownika, kt\u00f3re gromadzi w\u0142a\u015bciciel serwisu oraz mechanizmy zapewniaj\u0105ce jego przetwarzanie zgodnie z obowi\u0105zuj\u0105cymi przepisami, w szczeg\u00f3lno\u015bci Rozporz\u0105dzeniem Parlamentu Europejskiego i Rady (UE) 2016\/679 z 27 kwietnia 2016 r. w sprawie ochrony os\u00f3b fizycznych w zwi\u0105zku z przetwarzaniem danych osobowych i w sprawie swobodnego przep\u0142ywu takich danych oraz uchylenia dyrektywy 95\/46\/WE (og\u00f3lne rozporz\u0105dzenie o ochronie danych, dalej: \u201eRODO\u201d) oraz ustaw\u0105 z dnia 10 maja 2018 r. o ochronie danych osobowych. Polityka prywatno\u015bci stanowi tak\u017ce wype\u0142nienie obowi\u0105zku informacyjnego w stosunku do osoby, kt\u00f3rej dane dotycz\u0105 (U\u017cytkownika).\n<\/p>\n\n<ol style=\"text-align: justify;\">\n  <li style=\"font-weight: 400;\">W\u0142a\u015bcicielem serwisu i Administratorem danych osobowych jest firma DOMWIL VERDI Sp. z o.o. z siedzib\u0105 przy ul. Solferino 33, 04-431 Warszawa, posiadaj\u0105ca NIP: 9522237504, REGON: 524453693, KRS: 0001018993, adres poczty elektronicznej: info@domwil-verdi.pl zwana dalej \u201eW\u0142a\u015bcicielem\u201d lub \u201eAdministratorem.\u201d<\/li>\n  <li style=\"font-weight: 400;\">Dane gromadzone przez w\u0142a\u015bciciela serwisu oraz spos\u00f3b ich zbierania:<\/li>\n<\/ol>\n\n<ul style=\"text-align: justify;\">\n  <li>gdy U\u017cytkownik korzysta z formularza kontaktowego, w\u00f3wczas w zwi\u0105zku z korzystaniem z formularza przetwarzane s\u0105 dane w postaci: numeru telefonu, imienia, nazwiska, adresu e-mail, oraz ewentualne inne dane podane w toku wymiany wiadomo\u015bci,<\/li>\n  <li>gdy U\u017cytkownik wysy\u0142a wiadomo\u015b\u0107 e-mail lub kontaktuje si\u0119 telefonicznie, w tym w zwi\u0105zku z reklamacjami dotycz\u0105cymi funkcjonowania strony www. Podanie danych osobowych jest dobrowolne, ale niezb\u0119dne dla komunikacji. Dane osobowe przetwarzane b\u0119d\u0105 wy\u0142\u0105cznie w celu udzielenia odpowiedzi na pytanie lub realizacji pro\u015bby obj\u0119tej wiadomo\u015bci\u0105. Podstaw\u0105 prawn\u0105 do przetwarzania tych danych jest prawnie uzasadniony interes Administratora [art. 6 ust. 1 lit. f RODO] polegaj\u0105cy na obs\u0142udze klient\u00f3w lub potencjalnych klient\u00f3w. W tym przypadku dane osobowe przetwarzane s\u0105 tak\u017ce dla realizacji cel\u00f3w wt\u00f3rnych Administratora.<\/li>\n<\/ul>\n\n<ol style=\"text-align: justify;\">\n  <li style=\"font-weight: 400;\">Spos\u00f3b wykorzystania danych U\u017cytkownik\u00f3w:<\/li>\n<\/ol>\n\n<ul style=\"text-align: justify;\">\n  <li>odpowiedzi na zapytania U\u017cytkownik\u00f3w (kontakt z u\u017cytkownikiem w sprawie zapytania),<\/li>\n  <li>generowanie statystyk odwiedzin serwisu,<\/li>\n  <li>utrzymanie kontaktu z U\u017cytkownikami,<\/li>\n  <li>marketing bezpo\u015bredni us\u0142ug (np. e-mail, telefon),<\/li>\n  <li>profilowanie poprzez pliki cookies dotycz\u0105ce poszukiwania na stronie internetowej,<\/li>\n  <li>w innym celu wymagaj\u0105cym zgodnie z przepisami Pa\u0144stwa zgody, na podstawie Pa\u0144stwa odr\u0119bnej zgody tj. na podstawie art. 6 ust. 1 lit a) RODO,<\/li>\n  <li>dane U\u017cytkownik\u00f3w nie s\u0105 udost\u0119pniane innym podmiotom, z wy\u0142\u0105czeniem sp\u00f3\u0142ki DOMWIL Sp. z o.o. z siedzib\u0105 przy ul. Solferino 33, 04-431 Warszawa, posiadaj\u0105cej NIP: 9522133064, REGON: 360102351, KRS: 0000535780, kt\u00f3ra jest odpowiedzialna za proces sprzeda\u017cy mieszka\u0144.<\/li>\n<\/ul>\n\n<ol style=\"text-align: justify;\">\n  <li style=\"font-weight: 400;\">Dokonywanie zmian w danych osobowych U\u017cytkownika oraz kontakt z Administratorem<\/li>\n<\/ol>\n\n<p style=\"text-align: justify; font-weight: 400;\">\nKa\u017cdy U\u017cytkownik mo\u017ce pisemnie, mailowo (z dopiskiem \u201eOchrona danych osobowych\u201d) zg\u0142osi\u0107 do w\u0142a\u015bciciela serwisu zmian\u0119 w swoich danych osobowych pod adresem <a href=\"mailto:info@domwil-verdi.pl\">info@domwil-verdi.pl<\/a>\n<\/p>\n\n<p style=\"text-align: justify; font-weight: 400;\">\nOkres przechowywania danych osobowych.\n<\/p>\n\n<p style=\"text-align: justify; font-weight: 400;\">\nW\u0142a\u015bciciel serwisu nie przechowuje danych osobowych U\u017cytkownika d\u0142u\u017cej ni\u017c to konieczne do osi\u0105gni\u0119cia cel\u00f3w, do jakich dane zosta\u0142y zgromadzone. Okres przetwarzania danych zale\u017cy od celu przetwarzania, w szczeg\u00f3lno\u015bci:\n<\/p>\n\n<ul style=\"text-align: justify;\">\n  <li>w przypadku przetwarzania danych w celu udzielenia odpowiedzi na pytania U\u017cytkownik\u00f3w zg\u0142oszone za po\u015brednictwem formularzy kontaktowych, poczty email, telefonu lub innych \u015brodk\u00f3w komunikacji dane b\u0119d\u0105 przetwarzane przez czas niezb\u0119dny do udzielenia odpowiedzi na pytanie, a nast\u0119pnie:\n    <ul>\n      <li>w przypadku zawarcia umowy lub um\u00f3w \u2013 przez okres wskazany w klauzuli informacyjnej towarzysz\u0105cej tej umowie\/umowom,<\/li>\n      <li>w przypadku braku ponownego kontaktu dane zostan\u0105 usuni\u0119te \u2013 w zale\u017cno\u015bci od przedmiotu kontaktu \u2013 po 5 latach od ostatniego kontaktu lub po up\u0142ywie terminu przedawnienia ewentualnych roszcze\u0144 (zasadniczo po up\u0142ywie 5 lat na koniec roku kalendarzowego),<\/li>\n    <\/ul>\n  <\/li>\n  <li>w przypadku przetwarzania danych w celu marketingowym dane b\u0119d\u0105 przetwarzane do czasu cofni\u0119cia zgody lub wyra\u017cenia sprzeciwu w zale\u017cno\u015bci od podstawy przetwarzania.<\/li>\n  <li>w przypadku przetwarzania danych w celu analizy sposobu korzystania z serwisu oraz tworzenia statystyk, dane b\u0119d\u0105 przetwarzane maksymalnie przez 2 lata od chwili ich zebrania,<\/li>\n  <li>w przypadku przetwarzania danych zapewnienie bezpiecze\u0144stwa serwisu oraz zapobiegania oszustwom, dane b\u0119d\u0105 przetwarzane maksymalnie przez 2 lata od chwili ich zebrania,<\/li>\n  <li>w przypadku przetwarzania danych w celu zawarcia i wykonania umowy o \u015bwiadczenie us\u0142ug drog\u0105 elektroniczn\u0105 \u2013 dane U\u017cytkownika b\u0119d\u0105 przetwarzane przez okres realizacji umowy o \u015bwiadczenie us\u0142ug drog\u0105 elektroniczn\u0105,<\/li>\n  <li>w przypadku przetwarzania danych w celu ustalenia, dochodzenia lub obrony roszcze\u0144, dane b\u0119d\u0105 przetwarzane maksymalnie do czasu przedawnienia ewentualnych roszcze\u0144,<\/li>\n  <li>dane zapisane w plikach cookies i innych podobnych narz\u0119dziach wykorzystywanych w serwisie zale\u017c\u0105 od okresu aktywno\u015bci i rodzaju danego cookie i jego funkcji. Niekt\u00f3re cookies s\u0105 aktywne tylko przez czas wizyty U\u017cytkownika w serwisie, a inne d\u0142u\u017cej (np. kilka dni, miesi\u0119cy, a nawet lat). Pliki cookies i inne podobne technologie mog\u0105 by\u0107 ustawiane przez serwis lub przez podmioty trzecie (tzw. cookies podmiot\u00f3w trzecich) \u2013 zaufane firmy zewn\u0119trzne, z kt\u00f3rych us\u0142ug korzystamy tj.: Google: Analytics i Google Ads https:\/\/www.google.plpolicies\/privacy\/<\/li>\n  <li>dane osobowe, przetwarzane w celu wykazania i realizacji ci\u0105\u017c\u0105cych na Administratorze obowi\u0105zk\u00f3w, w szczeg\u00f3lno\u015bci wynikaj\u0105cych z przepis\u00f3w RODO, b\u0119d\u0105 przetwarzane jedynie w zakresie i przez okres niezb\u0119dny do wype\u0142nienia tych obowi\u0105zk\u00f3w i wykazania, i\u017c ci\u0105\u017c\u0105ce obowi\u0105zki zosta\u0142y zrealizowane.<\/li>\n<\/ul>\n\n<ol style=\"text-align: justify;\">\n  <li style=\"font-weight: 400;\">Odno\u015bniki do innych stron umieszczonych na stronie serwisu<\/li>\n<\/ol>\n\n<p style=\"text-align: justify; font-weight: 400;\">\nW\u0142a\u015bciciel serwisu informuje, \u017ce serwis mo\u017ce zawiera\u0107 odno\u015bniki do innych stron WWW. W\u0142a\u015bciciel serwisu zaleca zapoznanie si\u0119 politykami prywatno\u015bci tam obowi\u0105zuj\u0105cymi, gdy\u017c nie ponosi za nie odpowiedzialno\u015bci.\n<\/p>\n\n<ol style=\"text-align: justify;\">\n  <li style=\"font-weight: 400;\">Informacje dotycz\u0105ce zmian w polityce prywatno\u015bci<\/li>\n<\/ol>\n\n<p style=\"text-align: justify; font-weight: 400;\">\nW przypadku zmiany obowi\u0105zuj\u0105cej polityki prywatno\u015bci, wprowadzone zostan\u0105 odpowiednie modyfikacje w tre\u015bci polityki prywatno\u015bci.\n<\/p>\n\n<p style=\"text-align: justify; font-weight: 400;\">\nNiniejszy dokument podlega bie\u017c\u0105cej aktualizacji zgodnie z w\u0142a\u015bciwymi przepisami.\n<\/p>\n\n<p style=\"text-align: justify; font-weight: 400;\">\nData ostatniej aktualizacji to 26.06.2024 r.\n<\/p>\n\t\t\t\t\t\t\t\t<\/div>\n\t\t\t\t\t<\/div>\n\t\t\t\t<\/div>\n\t\t\t\t<\/div>\n\t\t","protected":false},"excerpt":{"rendered":"<p>Polityka prywatno\u015bci Administratorem danych osobowych jest DOMWIL VERDI Sp. z o.o. z siedzib\u0105 przy ul. Solferino 33, 04-431 Warszawa. Dane osobowe b\u0119d\u0105 przetwarzane w celu skontaktowania si\u0119 w celach ofertowych, w zwi\u0105zku z wype\u0142nieniem formularza. Wi\u0119cej informacji o przys\u0142uguj\u0105cych prawach i przetwarzaniu danych osobowych znajduje si\u0119 w polityce prywatno\u015bci. Polityka prywatno\u015bci INFORMACJE DOTYCZ\u0104CE PRZETWARZANIA DANYCH&#8230;<\/p>\n","protected":false},"author":1,"featured_media":0,"parent":0,"menu_order":0,"comment_status":"closed","ping_status":"closed","template":"","meta":{"_kad_post_transparent":"","_kad_post_title":"hide","_kad_post_layout":"fullwidth","_kad_post_sidebar_id":"","_kad_post_content_style":"unboxed","_kad_post_vertical_padding":"hide","_kad_post_feature":"hide","_kad_post_feature_position":"","_kad_post_header":false,"_kad_post_footer":false,"footnotes":""},"class_list":["post-557","page","type-page","status-publish","hentry"],"yoast_head":"<!-- This site is optimized with the Yoast SEO plugin v26.8 - https:\/\/yoast.com\/product\/yoast-seo-wordpress\/ -->\n<title>Polityka prywatno\u015bci - DOMWIL Verdi<\/title>\n<meta name=\"robots\" content=\"index, follow, max-snippet:-1, max-image-preview:large, max-video-preview:-1\" \/>\n<link rel=\"canonical\" href=\"https:\/\/domwil-verdi.pl\/?page_id=557\" \/>\n<meta property=\"og:locale\" content=\"pl_PL\" \/>\n<meta property=\"og:type\" content=\"article\" \/>\n<meta property=\"og:title\" content=\"Polityka prywatno\u015bci - DOMWIL Verdi\" \/>\n<meta property=\"og:description\" content=\"Polityka prywatno\u015bci Administratorem danych osobowych jest DOMWIL VERDI Sp. z o.o. z siedzib\u0105 przy ul. Solferino 33, 04-431 Warszawa. Dane osobowe b\u0119d\u0105 przetwarzane w celu skontaktowania si\u0119 w celach ofertowych, w zwi\u0105zku z wype\u0142nieniem formularza. Wi\u0119cej informacji o przys\u0142uguj\u0105cych prawach i przetwarzaniu danych osobowych znajduje si\u0119 w polityce prywatno\u015bci. Polityka prywatno\u015bci INFORMACJE DOTYCZ\u0104CE PRZETWARZANIA DANYCH...\" \/>\n<meta property=\"og:url\" content=\"https:\/\/domwil-verdi.pl\/?page_id=557\" \/>\n<meta property=\"og:site_name\" content=\"DOMWIL Verdi\" \/>\n<meta property=\"article:modified_time\" content=\"2025-09-13T12:05:38+00:00\" \/>\n<meta name=\"twitter:card\" content=\"summary_large_image\" \/>\n<meta name=\"twitter:label1\" content=\"Szacowany czas czytania\" \/>\n\t<meta name=\"twitter:data1\" content=\"6 minut\" \/>\n<script type=\"application\/ld+json\" class=\"yoast-schema-graph\">{\"@context\":\"https:\/\/schema.org\",\"@graph\":[{\"@type\":\"WebPage\",\"@id\":\"https:\/\/domwil-verdi.pl\/?page_id=557\",\"url\":\"https:\/\/domwil-verdi.pl\/?page_id=557\",\"name\":\"Polityka prywatno\u015bci - DOMWIL Verdi\",\"isPartOf\":{\"@id\":\"https:\/\/domwil-verdi.pl\/#website\"},\"datePublished\":\"2025-09-13T11:41:01+00:00\",\"dateModified\":\"2025-09-13T12:05:38+00:00\",\"breadcrumb\":{\"@id\":\"https:\/\/domwil-verdi.pl\/?page_id=557#breadcrumb\"},\"inLanguage\":\"pl-PL\",\"potentialAction\":[{\"@type\":\"ReadAction\",\"target\":[\"https:\/\/domwil-verdi.pl\/?page_id=557\"]}]},{\"@type\":\"BreadcrumbList\",\"@id\":\"https:\/\/domwil-verdi.pl\/?page_id=557#breadcrumb\",\"itemListElement\":[{\"@type\":\"ListItem\",\"position\":1,\"name\":\"Home\",\"item\":\"https:\/\/domwil-verdi.pl\/\"},{\"@type\":\"ListItem\",\"position\":2,\"name\":\"Polityka prywatno\u015bci\"}]},{\"@type\":\"WebSite\",\"@id\":\"https:\/\/domwil-verdi.pl\/#website\",\"url\":\"https:\/\/domwil-verdi.pl\/\",\"name\":\"DOMWIL Verdi\",\"description\":\"Budujemy marzenia\",\"publisher\":{\"@id\":\"https:\/\/domwil-verdi.pl\/#organization\"},\"potentialAction\":[{\"@type\":\"SearchAction\",\"target\":{\"@type\":\"EntryPoint\",\"urlTemplate\":\"https:\/\/domwil-verdi.pl\/?s={search_term_string}\"},\"query-input\":{\"@type\":\"PropertyValueSpecification\",\"valueRequired\":true,\"valueName\":\"search_term_string\"}}],\"inLanguage\":\"pl-PL\"},{\"@type\":\"Organization\",\"@id\":\"https:\/\/domwil-verdi.pl\/#organization\",\"name\":\"DOMWIL Verdi\",\"url\":\"https:\/\/domwil-verdi.pl\/\",\"logo\":{\"@type\":\"ImageObject\",\"inLanguage\":\"pl-PL\",\"@id\":\"https:\/\/domwil-verdi.pl\/#\/schema\/logo\/image\/\",\"url\":\"https:\/\/domwil-verdi.pl\/wp-content\/uploads\/2025\/08\/domwil.png\",\"contentUrl\":\"https:\/\/domwil-verdi.pl\/wp-content\/uploads\/2025\/08\/domwil.png\",\"width\":1821,\"height\":894,\"caption\":\"DOMWIL Verdi\"},\"image\":{\"@id\":\"https:\/\/domwil-verdi.pl\/#\/schema\/logo\/image\/\"}}]}<\/script>\n<!-- \/ Yoast SEO plugin. -->","yoast_head_json":{"title":"Polityka prywatno\u015bci - DOMWIL Verdi","robots":{"index":"index","follow":"follow","max-snippet":"max-snippet:-1","max-image-preview":"max-image-preview:large","max-video-preview":"max-video-preview:-1"},"canonical":"https:\/\/domwil-verdi.pl\/?page_id=557","og_locale":"pl_PL","og_type":"article","og_title":"Polityka prywatno\u015bci - DOMWIL Verdi","og_description":"Polityka prywatno\u015bci Administratorem danych osobowych jest DOMWIL VERDI Sp. z o.o. z siedzib\u0105 przy ul. Solferino 33, 04-431 Warszawa. Dane osobowe b\u0119d\u0105 przetwarzane w celu skontaktowania si\u0119 w celach ofertowych, w zwi\u0105zku z wype\u0142nieniem formularza. Wi\u0119cej informacji o przys\u0142uguj\u0105cych prawach i przetwarzaniu danych osobowych znajduje si\u0119 w polityce prywatno\u015bci. Polityka prywatno\u015bci INFORMACJE DOTYCZ\u0104CE PRZETWARZANIA DANYCH...","og_url":"https:\/\/domwil-verdi.pl\/?page_id=557","og_site_name":"DOMWIL Verdi","article_modified_time":"2025-09-13T12:05:38+00:00","twitter_card":"summary_large_image","twitter_misc":{"Szacowany czas czytania":"6 minut"},"schema":{"@context":"https:\/\/schema.org","@graph":[{"@type":"WebPage","@id":"https:\/\/domwil-verdi.pl\/?page_id=557","url":"https:\/\/domwil-verdi.pl\/?page_id=557","name":"Polityka prywatno\u015bci - DOMWIL Verdi","isPartOf":{"@id":"https:\/\/domwil-verdi.pl\/#website"},"datePublished":"2025-09-13T11:41:01+00:00","dateModified":"2025-09-13T12:05:38+00:00","breadcrumb":{"@id":"https:\/\/domwil-verdi.pl\/?page_id=557#breadcrumb"},"inLanguage":"pl-PL","potentialAction":[{"@type":"ReadAction","target":["https:\/\/domwil-verdi.pl\/?page_id=557"]}]},{"@type":"BreadcrumbList","@id":"https:\/\/domwil-verdi.pl\/?page_id=557#breadcrumb","itemListElement":[{"@type":"ListItem","position":1,"name":"Home","item":"https:\/\/domwil-verdi.pl\/"},{"@type":"ListItem","position":2,"name":"Polityka prywatno\u015bci"}]},{"@type":"WebSite","@id":"https:\/\/domwil-verdi.pl\/#website","url":"https:\/\/domwil-verdi.pl\/","name":"DOMWIL Verdi","description":"Budujemy marzenia","publisher":{"@id":"https:\/\/domwil-verdi.pl\/#organization"},"potentialAction":[{"@type":"SearchAction","target":{"@type":"EntryPoint","urlTemplate":"https:\/\/domwil-verdi.pl\/?s={search_term_string}"},"query-input":{"@type":"PropertyValueSpecification","valueRequired":true,"valueName":"search_term_string"}}],"inLanguage":"pl-PL"},{"@type":"Organization","@id":"https:\/\/domwil-verdi.pl\/#organization","name":"DOMWIL Verdi","url":"https:\/\/domwil-verdi.pl\/","logo":{"@type":"ImageObject","inLanguage":"pl-PL","@id":"https:\/\/domwil-verdi.pl\/#\/schema\/logo\/image\/","url":"https:\/\/domwil-verdi.pl\/wp-content\/uploads\/2025\/08\/domwil.png","contentUrl":"https:\/\/domwil-verdi.pl\/wp-content\/uploads\/2025\/08\/domwil.png","width":1821,"height":894,"caption":"DOMWIL Verdi"},"image":{"@id":"https:\/\/domwil-verdi.pl\/#\/schema\/logo\/image\/"}}]}},"_links":{"self":[{"href":"https:\/\/domwil-verdi.pl\/index.php?rest_route=\/wp\/v2\/pages\/557","targetHints":{"allow":["GET"]}}],"collection":[{"href":"https:\/\/domwil-verdi.pl\/index.php?rest_route=\/wp\/v2\/pages"}],"about":[{"href":"https:\/\/domwil-verdi.pl\/index.php?rest_route=\/wp\/v2\/types\/page"}],"author":[{"embeddable":true,"href":"https:\/\/domwil-verdi.pl\/index.php?rest_route=\/wp\/v2\/users\/1"}],"replies":[{"embeddable":true,"href":"https:\/\/domwil-verdi.pl\/index.php?rest_route=%2Fwp%2Fv2%2Fcomments&post=557"}],"version-history":[{"count":26,"href":"https:\/\/domwil-verdi.pl\/index.php?rest_route=\/wp\/v2\/pages\/557\/revisions"}],"predecessor-version":[{"id":592,"href":"https:\/\/domwil-verdi.pl\/index.php?rest_route=\/wp\/v2\/pages\/557\/revisions\/592"}],"wp:attachment":[{"href":"https:\/\/domwil-verdi.pl\/index.php?rest_route=%2Fwp%2Fv2%2Fmedia&parent=557"}],"curies":[{"name":"wp","href":"https:\/\/api.w.org\/{rel}","templated":true}]}}