{"id":851,"date":"2025-10-11T17:53:11","date_gmt":"2025-10-11T15:53:11","guid":{"rendered":"https:\/\/domwil-verdi.pl\/?page_id=851"},"modified":"2026-03-11T12:35:15","modified_gmt":"2026-03-11T11:35:15","slug":"o-inwestycji","status":"publish","type":"page","link":"https:\/\/domwil-verdi.pl\/?page_id=851","title":{"rendered":"O Inwestycji"},"content":{"rendered":"\t\t<div data-elementor-type=\"wp-page\" data-elementor-id=\"851\" class=\"elementor elementor-851\">\n\t\t\t\t<div class=\"elementor-element elementor-element-ee8329c e-con-full e-flex e-con e-parent\" data-id=\"ee8329c\" data-element_type=\"container\" data-settings=\"{&quot;background_background&quot;:&quot;classic&quot;,&quot;shape_divider_bottom&quot;:&quot;waves&quot;}\">\n\t\t\t\t<div class=\"elementor-shape elementor-shape-bottom\" aria-hidden=\"true\" data-negative=\"false\">\n\t\t\t<svg xmlns=\"http:\/\/www.w3.org\/2000\/svg\" viewBox=\"0 0 1000 100\" preserveAspectRatio=\"none\">\n\t<path class=\"elementor-shape-fill\" d=\"M421.9,6.5c22.6-2.5,51.5,0.4,75.5,5.3c23.6,4.9,70.9,23.5,100.5,35.7c75.8,32.2,133.7,44.5,192.6,49.7\n\tc23.6,2.1,48.7,3.5,103.4-2.5c54.7-6,106.2-25.6,106.2-25.6V0H0v30.3c0,0,72,32.6,158.4,30.5c39.2-0.7,92.8-6.7,134-22.4\n\tc21.2-8.1,52.2-18.2,79.7-24.2C399.3,7.9,411.6,7.5,421.9,6.5z\"\/>\n<\/svg>\t\t<\/div>\n\t\t\t\t<div class=\"elementor-element elementor-element-c7600d5 elementor-widget elementor-widget-heading\" data-id=\"c7600d5\" data-element_type=\"widget\" data-widget_type=\"heading.default\">\n\t\t\t\t\t<h2 class=\"elementor-heading-title elementor-size-default\">O Inwestycji<\/h2>\t\t\t\t<\/div>\n\t\t\t\t<div class=\"elementor-element elementor-element-8aae164 elementor-widget elementor-widget-heading\" data-id=\"8aae164\" data-element_type=\"widget\" data-widget_type=\"heading.default\">\n\t\t\t\t\t<h2 class=\"elementor-heading-title elementor-size-default\"><a href=\"https:\/\/domwil-verdi.pl\/wp-content\/uploads\/2025\/10\/rzut-terenu.pdf.pdf\" target=\"_blank\">Zagospodarowanie terenu<\/a><\/h2>\t\t\t\t<\/div>\n\t\t\t\t<div class=\"elementor-element elementor-element-84f3ec2 elementor-widget elementor-widget-heading\" data-id=\"84f3ec2\" data-element_type=\"widget\" data-widget_type=\"heading.default\">\n\t\t\t\t\t<h2 class=\"elementor-heading-title elementor-size-default\"><a href=\"https:\/\/domwil-verdi.pl\/wp-content\/uploads\/2026\/03\/PROSPEKT-INFORMACYJNY_TRAVIATA_20251003.docx.pdf\" target=\"_blank\">Prospekt informacyjny<\/a><\/h2>\t\t\t\t<\/div>\n\t\t\t\t<div class=\"elementor-element elementor-element-66c1f6c elementor-widget elementor-widget-heading\" data-id=\"66c1f6c\" data-element_type=\"widget\" data-widget_type=\"heading.default\">\n\t\t\t\t\t<h2 class=\"elementor-heading-title elementor-size-default\"><a href=\"https:\/\/domwil-verdi.pl\/wp-content\/uploads\/2025\/10\/standard-wykonczenia.pdf\" target=\"_blank\">Standard wyko\u0144czenia<\/a><\/h2>\t\t\t\t<\/div>\n\t\t\t\t<div class=\"elementor-element elementor-element-67371b4 elementor-widget elementor-widget-heading\" data-id=\"67371b4\" data-element_type=\"widget\" data-widget_type=\"heading.default\">\n\t\t\t\t\t<h2 class=\"elementor-heading-title elementor-size-default\"><a href=\"https:\/\/domwil-verdi.pl\/wp-content\/uploads\/2026\/03\/wzor-umowy-deweloperskiej.pdf\" target=\"_blank\">Wz\u00f3r umowy deweloperskiej<\/a><\/h2>\t\t\t\t<\/div>\n\t\t\t\t<\/div>\n\t\t<div class=\"elementor-element elementor-element-a941cf3 e-grid e-con-boxed e-con e-parent\" data-id=\"a941cf3\" data-element_type=\"container\">\n\t\t\t\t\t<div class=\"e-con-inner\">\n\t\t\t\t<div class=\"elementor-element elementor-element-5364a75 elementor-widget elementor-widget-heading\" data-id=\"5364a75\" data-element_type=\"widget\" data-widget_type=\"heading.default\">\n\t\t\t\t\t<h2 class=\"elementor-heading-title elementor-size-default\"><a href=\"https:\/\/domwil-verdi.pl\/wp-content\/uploads\/2025\/10\/rzut-1.pdf\" target=\"_blank\">Gara\u017c<\/a><\/h2>\t\t\t\t<\/div>\n\t\t\t\t<div class=\"elementor-element elementor-element-24c535e elementor-hidden-desktop elementor-widget elementor-widget-image\" data-id=\"24c535e\" data-element_type=\"widget\" data-widget_type=\"image.default\">\n\t\t\t\t\t\t\t\t\t\t\t\t\t\t\t\t<a href=\"https:\/\/domwil-verdi.pl\/wp-content\/uploads\/2025\/10\/rzut-1.pdf\" target=\"_blank\">\n\t\t\t\t\t\t\t<img fetchpriority=\"high\" decoding=\"async\" width=\"1000\" height=\"707\" src=\"https:\/\/domwil-verdi.pl\/wp-content\/uploads\/2025\/10\/rzut-1.png\" class=\"attachment-large size-large wp-image-911\" alt=\"\" srcset=\"https:\/\/domwil-verdi.pl\/wp-content\/uploads\/2025\/10\/rzut-1.png 1000w, https:\/\/domwil-verdi.pl\/wp-content\/uploads\/2025\/10\/rzut-1-300x212.png 300w, https:\/\/domwil-verdi.pl\/wp-content\/uploads\/2025\/10\/rzut-1-768x543.png 768w\" sizes=\"(max-width: 1000px) 100vw, 1000px\" \/>\t\t\t\t\t\t\t\t<\/a>\n\t\t\t\t\t\t\t\t\t\t\t\t\t\t\t<\/div>\n\t\t\t\t<div class=\"elementor-element elementor-element-1931ccd elementor-widget elementor-widget-heading\" data-id=\"1931ccd\" data-element_type=\"widget\" data-widget_type=\"heading.default\">\n\t\t\t\t\t<h2 class=\"elementor-heading-title elementor-size-default\"><a href=\"https:\/\/domwil-verdi.pl\/wp-content\/uploads\/2025\/10\/rzut-0.pdf\" target=\"_blank\">Parter<\/a><\/h2>\t\t\t\t<\/div>\n\t\t\t\t<div class=\"elementor-element elementor-element-5de0c2b elementor-hidden-desktop elementor-widget elementor-widget-image\" data-id=\"5de0c2b\" data-element_type=\"widget\" data-widget_type=\"image.default\">\n\t\t\t\t\t\t\t\t\t\t\t\t\t\t\t\t<a href=\"https:\/\/domwil-verdi.pl\/wp-content\/uploads\/2025\/10\/rzut-0.pdf\" target=\"_blank\">\n\t\t\t\t\t\t\t<img decoding=\"async\" width=\"1000\" height=\"707\" src=\"https:\/\/domwil-verdi.pl\/wp-content\/uploads\/2025\/10\/rzut-0.png\" class=\"attachment-large size-large wp-image-934\" alt=\"\" srcset=\"https:\/\/domwil-verdi.pl\/wp-content\/uploads\/2025\/10\/rzut-0.png 1000w, https:\/\/domwil-verdi.pl\/wp-content\/uploads\/2025\/10\/rzut-0-300x212.png 300w, https:\/\/domwil-verdi.pl\/wp-content\/uploads\/2025\/10\/rzut-0-768x543.png 768w\" sizes=\"(max-width: 1000px) 100vw, 1000px\" \/>\t\t\t\t\t\t\t\t<\/a>\n\t\t\t\t\t\t\t\t\t\t\t\t\t\t\t<\/div>\n\t\t\t\t<div class=\"elementor-element elementor-element-3082e2a elementor-widget elementor-widget-heading\" data-id=\"3082e2a\" data-element_type=\"widget\" data-widget_type=\"heading.default\">\n\t\t\t\t\t<h2 class=\"elementor-heading-title elementor-size-default\"><a href=\"https:\/\/domwil-verdi.pl\/wp-content\/uploads\/2025\/10\/rzut-1-1.pdf\" target=\"_blank\">I Pi\u0119tro<\/a><\/h2>\t\t\t\t<\/div>\n\t\t\t\t<div class=\"elementor-element elementor-element-0e5de26 elementor-hidden-desktop elementor-widget elementor-widget-image\" data-id=\"0e5de26\" data-element_type=\"widget\" data-widget_type=\"image.default\">\n\t\t\t\t\t\t\t\t\t\t\t\t\t\t\t\t<a href=\"https:\/\/domwil-verdi.pl\/wp-content\/uploads\/2025\/10\/rzut-1-1.pdf\" target=\"_blank\">\n\t\t\t\t\t\t\t<img decoding=\"async\" width=\"1000\" height=\"707\" src=\"https:\/\/domwil-verdi.pl\/wp-content\/uploads\/2025\/10\/rzut-1-1.png\" class=\"attachment-large size-large wp-image-936\" alt=\"\" srcset=\"https:\/\/domwil-verdi.pl\/wp-content\/uploads\/2025\/10\/rzut-1-1.png 1000w, https:\/\/domwil-verdi.pl\/wp-content\/uploads\/2025\/10\/rzut-1-1-300x212.png 300w, https:\/\/domwil-verdi.pl\/wp-content\/uploads\/2025\/10\/rzut-1-1-768x543.png 768w\" sizes=\"(max-width: 1000px) 100vw, 1000px\" \/>\t\t\t\t\t\t\t\t<\/a>\n\t\t\t\t\t\t\t\t\t\t\t\t\t\t\t<\/div>\n\t\t\t\t<div class=\"elementor-element elementor-element-1079846 elementor-widget elementor-widget-heading\" data-id=\"1079846\" data-element_type=\"widget\" data-widget_type=\"heading.default\">\n\t\t\t\t\t<h2 class=\"elementor-heading-title elementor-size-default\"><a href=\"https:\/\/domwil-verdi.pl\/wp-content\/uploads\/2025\/10\/rzut-2.pdf\" target=\"_blank\">II Pi\u0119tro<\/a><\/h2>\t\t\t\t<\/div>\n\t\t\t\t<div class=\"elementor-element elementor-element-4565b87 elementor-hidden-desktop elementor-widget elementor-widget-image\" data-id=\"4565b87\" data-element_type=\"widget\" data-widget_type=\"image.default\">\n\t\t\t\t\t\t\t\t\t\t\t\t\t\t\t\t<a href=\"https:\/\/domwil-verdi.pl\/wp-content\/uploads\/2025\/10\/rzut-2.pdf\" target=\"_blank\">\n\t\t\t\t\t\t\t<img loading=\"lazy\" decoding=\"async\" width=\"1000\" height=\"707\" src=\"https:\/\/domwil-verdi.pl\/wp-content\/uploads\/2025\/10\/rzut-2.png\" class=\"attachment-large size-large wp-image-937\" alt=\"\" srcset=\"https:\/\/domwil-verdi.pl\/wp-content\/uploads\/2025\/10\/rzut-2.png 1000w, https:\/\/domwil-verdi.pl\/wp-content\/uploads\/2025\/10\/rzut-2-300x212.png 300w, https:\/\/domwil-verdi.pl\/wp-content\/uploads\/2025\/10\/rzut-2-768x543.png 768w\" sizes=\"(max-width: 1000px) 100vw, 1000px\" \/>\t\t\t\t\t\t\t\t<\/a>\n\t\t\t\t\t\t\t\t\t\t\t\t\t\t\t<\/div>\n\t\t\t\t\t<\/div>\n\t\t\t\t<\/div>\n\t\t<div class=\"elementor-element elementor-element-9615879 e-grid elementor-hidden-tablet elementor-hidden-mobile e-con-boxed e-con e-parent\" data-id=\"9615879\" data-element_type=\"container\">\n\t\t\t\t\t<div class=\"e-con-inner\">\n\t\t\t\t<div class=\"elementor-element elementor-element-67acb69 elementor-widget elementor-widget-image\" data-id=\"67acb69\" data-element_type=\"widget\" data-widget_type=\"image.default\">\n\t\t\t\t\t\t\t\t\t\t\t\t\t\t\t\t<a href=\"https:\/\/domwil-verdi.pl\/wp-content\/uploads\/2025\/10\/rzut-1.pdf\" target=\"_blank\">\n\t\t\t\t\t\t\t<img fetchpriority=\"high\" decoding=\"async\" width=\"1000\" height=\"707\" src=\"https:\/\/domwil-verdi.pl\/wp-content\/uploads\/2025\/10\/rzut-1.png\" class=\"attachment-large size-large wp-image-911\" alt=\"\" srcset=\"https:\/\/domwil-verdi.pl\/wp-content\/uploads\/2025\/10\/rzut-1.png 1000w, https:\/\/domwil-verdi.pl\/wp-content\/uploads\/2025\/10\/rzut-1-300x212.png 300w, https:\/\/domwil-verdi.pl\/wp-content\/uploads\/2025\/10\/rzut-1-768x543.png 768w\" sizes=\"(max-width: 1000px) 100vw, 1000px\" \/>\t\t\t\t\t\t\t\t<\/a>\n\t\t\t\t\t\t\t\t\t\t\t\t\t\t\t<\/div>\n\t\t\t\t<div class=\"elementor-element elementor-element-a1e5a5a elementor-widget elementor-widget-image\" data-id=\"a1e5a5a\" data-element_type=\"widget\" data-widget_type=\"image.default\">\n\t\t\t\t\t\t\t\t\t\t\t\t\t\t\t\t<a href=\"https:\/\/domwil-verdi.pl\/wp-content\/uploads\/2025\/10\/rzut-0.pdf\" target=\"_blank\">\n\t\t\t\t\t\t\t<img decoding=\"async\" width=\"1000\" height=\"707\" src=\"https:\/\/domwil-verdi.pl\/wp-content\/uploads\/2025\/10\/rzut-0.png\" class=\"attachment-large size-large wp-image-934\" alt=\"\" srcset=\"https:\/\/domwil-verdi.pl\/wp-content\/uploads\/2025\/10\/rzut-0.png 1000w, https:\/\/domwil-verdi.pl\/wp-content\/uploads\/2025\/10\/rzut-0-300x212.png 300w, https:\/\/domwil-verdi.pl\/wp-content\/uploads\/2025\/10\/rzut-0-768x543.png 768w\" sizes=\"(max-width: 1000px) 100vw, 1000px\" \/>\t\t\t\t\t\t\t\t<\/a>\n\t\t\t\t\t\t\t\t\t\t\t\t\t\t\t<\/div>\n\t\t\t\t<div class=\"elementor-element elementor-element-d8e6fc9 elementor-widget elementor-widget-image\" data-id=\"d8e6fc9\" data-element_type=\"widget\" data-widget_type=\"image.default\">\n\t\t\t\t\t\t\t\t\t\t\t\t\t\t\t\t<a href=\"https:\/\/domwil-verdi.pl\/wp-content\/uploads\/2025\/10\/rzut-1-1.pdf\" target=\"_blank\">\n\t\t\t\t\t\t\t<img decoding=\"async\" width=\"1000\" height=\"707\" src=\"https:\/\/domwil-verdi.pl\/wp-content\/uploads\/2025\/10\/rzut-1-1.png\" class=\"attachment-large size-large wp-image-936\" alt=\"\" srcset=\"https:\/\/domwil-verdi.pl\/wp-content\/uploads\/2025\/10\/rzut-1-1.png 1000w, https:\/\/domwil-verdi.pl\/wp-content\/uploads\/2025\/10\/rzut-1-1-300x212.png 300w, https:\/\/domwil-verdi.pl\/wp-content\/uploads\/2025\/10\/rzut-1-1-768x543.png 768w\" sizes=\"(max-width: 1000px) 100vw, 1000px\" \/>\t\t\t\t\t\t\t\t<\/a>\n\t\t\t\t\t\t\t\t\t\t\t\t\t\t\t<\/div>\n\t\t\t\t<div class=\"elementor-element elementor-element-6e132df elementor-widget elementor-widget-image\" data-id=\"6e132df\" data-element_type=\"widget\" data-widget_type=\"image.default\">\n\t\t\t\t\t\t\t\t\t\t\t\t\t\t\t\t<a href=\"https:\/\/domwil-verdi.pl\/wp-content\/uploads\/2025\/10\/rzut-2.pdf\" target=\"_blank\">\n\t\t\t\t\t\t\t<img loading=\"lazy\" decoding=\"async\" width=\"1000\" height=\"707\" src=\"https:\/\/domwil-verdi.pl\/wp-content\/uploads\/2025\/10\/rzut-2.png\" class=\"attachment-large size-large wp-image-937\" alt=\"\" srcset=\"https:\/\/domwil-verdi.pl\/wp-content\/uploads\/2025\/10\/rzut-2.png 1000w, https:\/\/domwil-verdi.pl\/wp-content\/uploads\/2025\/10\/rzut-2-300x212.png 300w, https:\/\/domwil-verdi.pl\/wp-content\/uploads\/2025\/10\/rzut-2-768x543.png 768w\" sizes=\"(max-width: 1000px) 100vw, 1000px\" \/>\t\t\t\t\t\t\t\t<\/a>\n\t\t\t\t\t\t\t\t\t\t\t\t\t\t\t<\/div>\n\t\t\t\t\t<\/div>\n\t\t\t\t<\/div>\n\t\t\t\t<\/div>\n\t\t","protected":false},"excerpt":{"rendered":"<p>O Inwestycji Zagospodarowanie terenu Prospekt informacyjny Standard wyko\u0144czenia Wz\u00f3r umowy deweloperskiej Gara\u017c Parter I Pi\u0119tro II Pi\u0119tro<\/p>\n","protected":false},"author":1,"featured_media":0,"parent":0,"menu_order":0,"comment_status":"closed","ping_status":"closed","template":"","meta":{"_kad_post_transparent":"","_kad_post_title":"hide","_kad_post_layout":"fullwidth","_kad_post_sidebar_id":"","_kad_post_content_style":"unboxed","_kad_post_vertical_padding":"hide","_kad_post_feature":"hide","_kad_post_feature_position":"","_kad_post_header":false,"_kad_post_footer":false,"footnotes":""},"class_list":["post-851","page","type-page","status-publish","hentry"],"yoast_head":"<!-- This site is optimized with the Yoast SEO plugin v26.8 - https:\/\/yoast.com\/product\/yoast-seo-wordpress\/ -->\n<title>O Inwestycji - DOMWIL Verdi<\/title>\n<meta name=\"robots\" content=\"index, follow, max-snippet:-1, max-image-preview:large, max-video-preview:-1\" \/>\n<link rel=\"canonical\" href=\"https:\/\/domwil-verdi.pl\/?page_id=851\" \/>\n<meta property=\"og:locale\" content=\"pl_PL\" \/>\n<meta property=\"og:type\" content=\"article\" \/>\n<meta property=\"og:title\" content=\"O Inwestycji - DOMWIL Verdi\" \/>\n<meta property=\"og:description\" content=\"O Inwestycji Zagospodarowanie terenu Prospekt informacyjny Standard wyko\u0144czenia Wz\u00f3r umowy deweloperskiej Gara\u017c Parter I Pi\u0119tro II Pi\u0119tro\" \/>\n<meta property=\"og:url\" content=\"https:\/\/domwil-verdi.pl\/?page_id=851\" \/>\n<meta property=\"og:site_name\" content=\"DOMWIL Verdi\" \/>\n<meta property=\"article:modified_time\" content=\"2026-03-11T11:35:15+00:00\" \/>\n<meta property=\"og:image\" content=\"https:\/\/domwil-verdi.pl\/wp-content\/uploads\/2025\/10\/rzut-1.png\" \/>\n\t<meta property=\"og:image:width\" content=\"1000\" \/>\n\t<meta property=\"og:image:height\" content=\"707\" \/>\n\t<meta property=\"og:image:type\" content=\"image\/png\" \/>\n<meta name=\"twitter:card\" content=\"summary_large_image\" \/>\n<meta name=\"twitter:label1\" content=\"Szacowany czas czytania\" \/>\n\t<meta name=\"twitter:data1\" content=\"2 minuty\" \/>\n<script type=\"application\/ld+json\" class=\"yoast-schema-graph\">{\"@context\":\"https:\/\/schema.org\",\"@graph\":[{\"@type\":\"WebPage\",\"@id\":\"https:\/\/domwil-verdi.pl\/?page_id=851\",\"url\":\"https:\/\/domwil-verdi.pl\/?page_id=851\",\"name\":\"O Inwestycji - DOMWIL Verdi\",\"isPartOf\":{\"@id\":\"https:\/\/domwil-verdi.pl\/#website\"},\"primaryImageOfPage\":{\"@id\":\"https:\/\/domwil-verdi.pl\/?page_id=851#primaryimage\"},\"image\":{\"@id\":\"https:\/\/domwil-verdi.pl\/?page_id=851#primaryimage\"},\"thumbnailUrl\":\"https:\/\/domwil-verdi.pl\/wp-content\/uploads\/2025\/10\/rzut-1.png\",\"datePublished\":\"2025-10-11T15:53:11+00:00\",\"dateModified\":\"2026-03-11T11:35:15+00:00\",\"breadcrumb\":{\"@id\":\"https:\/\/domwil-verdi.pl\/?page_id=851#breadcrumb\"},\"inLanguage\":\"pl-PL\",\"potentialAction\":[{\"@type\":\"ReadAction\",\"target\":[\"https:\/\/domwil-verdi.pl\/?page_id=851\"]}]},{\"@type\":\"ImageObject\",\"inLanguage\":\"pl-PL\",\"@id\":\"https:\/\/domwil-verdi.pl\/?page_id=851#primaryimage\",\"url\":\"https:\/\/domwil-verdi.pl\/wp-content\/uploads\/2025\/10\/rzut-1.png\",\"contentUrl\":\"https:\/\/domwil-verdi.pl\/wp-content\/uploads\/2025\/10\/rzut-1.png\",\"width\":1000,\"height\":707},{\"@type\":\"BreadcrumbList\",\"@id\":\"https:\/\/domwil-verdi.pl\/?page_id=851#breadcrumb\",\"itemListElement\":[{\"@type\":\"ListItem\",\"position\":1,\"name\":\"Home\",\"item\":\"https:\/\/domwil-verdi.pl\/\"},{\"@type\":\"ListItem\",\"position\":2,\"name\":\"O Inwestycji\"}]},{\"@type\":\"WebSite\",\"@id\":\"https:\/\/domwil-verdi.pl\/#website\",\"url\":\"https:\/\/domwil-verdi.pl\/\",\"name\":\"DOMWIL Verdi\",\"description\":\"Budujemy marzenia\",\"publisher\":{\"@id\":\"https:\/\/domwil-verdi.pl\/#organization\"},\"potentialAction\":[{\"@type\":\"SearchAction\",\"target\":{\"@type\":\"EntryPoint\",\"urlTemplate\":\"https:\/\/domwil-verdi.pl\/?s={search_term_string}\"},\"query-input\":{\"@type\":\"PropertyValueSpecification\",\"valueRequired\":true,\"valueName\":\"search_term_string\"}}],\"inLanguage\":\"pl-PL\"},{\"@type\":\"Organization\",\"@id\":\"https:\/\/domwil-verdi.pl\/#organization\",\"name\":\"DOMWIL Verdi\",\"url\":\"https:\/\/domwil-verdi.pl\/\",\"logo\":{\"@type\":\"ImageObject\",\"inLanguage\":\"pl-PL\",\"@id\":\"https:\/\/domwil-verdi.pl\/#\/schema\/logo\/image\/\",\"url\":\"https:\/\/domwil-verdi.pl\/wp-content\/uploads\/2025\/08\/domwil.png\",\"contentUrl\":\"https:\/\/domwil-verdi.pl\/wp-content\/uploads\/2025\/08\/domwil.png\",\"width\":1821,\"height\":894,\"caption\":\"DOMWIL Verdi\"},\"image\":{\"@id\":\"https:\/\/domwil-verdi.pl\/#\/schema\/logo\/image\/\"}}]}<\/script>\n<!-- \/ Yoast SEO plugin. -->","yoast_head_json":{"title":"O Inwestycji - DOMWIL Verdi","robots":{"index":"index","follow":"follow","max-snippet":"max-snippet:-1","max-image-preview":"max-image-preview:large","max-video-preview":"max-video-preview:-1"},"canonical":"https:\/\/domwil-verdi.pl\/?page_id=851","og_locale":"pl_PL","og_type":"article","og_title":"O Inwestycji - DOMWIL Verdi","og_description":"O Inwestycji Zagospodarowanie terenu Prospekt informacyjny Standard wyko\u0144czenia Wz\u00f3r umowy deweloperskiej Gara\u017c Parter I Pi\u0119tro II Pi\u0119tro","og_url":"https:\/\/domwil-verdi.pl\/?page_id=851","og_site_name":"DOMWIL Verdi","article_modified_time":"2026-03-11T11:35:15+00:00","og_image":[{"width":1000,"height":707,"url":"https:\/\/domwil-verdi.pl\/wp-content\/uploads\/2025\/10\/rzut-1.png","type":"image\/png"}],"twitter_card":"summary_large_image","twitter_misc":{"Szacowany czas czytania":"2 minuty"},"schema":{"@context":"https:\/\/schema.org","@graph":[{"@type":"WebPage","@id":"https:\/\/domwil-verdi.pl\/?page_id=851","url":"https:\/\/domwil-verdi.pl\/?page_id=851","name":"O Inwestycji - DOMWIL Verdi","isPartOf":{"@id":"https:\/\/domwil-verdi.pl\/#website"},"primaryImageOfPage":{"@id":"https:\/\/domwil-verdi.pl\/?page_id=851#primaryimage"},"image":{"@id":"https:\/\/domwil-verdi.pl\/?page_id=851#primaryimage"},"thumbnailUrl":"https:\/\/domwil-verdi.pl\/wp-content\/uploads\/2025\/10\/rzut-1.png","datePublished":"2025-10-11T15:53:11+00:00","dateModified":"2026-03-11T11:35:15+00:00","breadcrumb":{"@id":"https:\/\/domwil-verdi.pl\/?page_id=851#breadcrumb"},"inLanguage":"pl-PL","potentialAction":[{"@type":"ReadAction","target":["https:\/\/domwil-verdi.pl\/?page_id=851"]}]},{"@type":"ImageObject","inLanguage":"pl-PL","@id":"https:\/\/domwil-verdi.pl\/?page_id=851#primaryimage","url":"https:\/\/domwil-verdi.pl\/wp-content\/uploads\/2025\/10\/rzut-1.png","contentUrl":"https:\/\/domwil-verdi.pl\/wp-content\/uploads\/2025\/10\/rzut-1.png","width":1000,"height":707},{"@type":"BreadcrumbList","@id":"https:\/\/domwil-verdi.pl\/?page_id=851#breadcrumb","itemListElement":[{"@type":"ListItem","position":1,"name":"Home","item":"https:\/\/domwil-verdi.pl\/"},{"@type":"ListItem","position":2,"name":"O Inwestycji"}]},{"@type":"WebSite","@id":"https:\/\/domwil-verdi.pl\/#website","url":"https:\/\/domwil-verdi.pl\/","name":"DOMWIL Verdi","description":"Budujemy marzenia","publisher":{"@id":"https:\/\/domwil-verdi.pl\/#organization"},"potentialAction":[{"@type":"SearchAction","target":{"@type":"EntryPoint","urlTemplate":"https:\/\/domwil-verdi.pl\/?s={search_term_string}"},"query-input":{"@type":"PropertyValueSpecification","valueRequired":true,"valueName":"search_term_string"}}],"inLanguage":"pl-PL"},{"@type":"Organization","@id":"https:\/\/domwil-verdi.pl\/#organization","name":"DOMWIL Verdi","url":"https:\/\/domwil-verdi.pl\/","logo":{"@type":"ImageObject","inLanguage":"pl-PL","@id":"https:\/\/domwil-verdi.pl\/#\/schema\/logo\/image\/","url":"https:\/\/domwil-verdi.pl\/wp-content\/uploads\/2025\/08\/domwil.png","contentUrl":"https:\/\/domwil-verdi.pl\/wp-content\/uploads\/2025\/08\/domwil.png","width":1821,"height":894,"caption":"DOMWIL Verdi"},"image":{"@id":"https:\/\/domwil-verdi.pl\/#\/schema\/logo\/image\/"}}]}},"_links":{"self":[{"href":"https:\/\/domwil-verdi.pl\/index.php?rest_route=\/wp\/v2\/pages\/851","targetHints":{"allow":["GET"]}}],"collection":[{"href":"https:\/\/domwil-verdi.pl\/index.php?rest_route=\/wp\/v2\/pages"}],"about":[{"href":"https:\/\/domwil-verdi.pl\/index.php?rest_route=\/wp\/v2\/types\/page"}],"author":[{"embeddable":true,"href":"https:\/\/domwil-verdi.pl\/index.php?rest_route=\/wp\/v2\/users\/1"}],"replies":[{"embeddable":true,"href":"https:\/\/domwil-verdi.pl\/index.php?rest_route=%2Fwp%2Fv2%2Fcomments&post=851"}],"version-history":[{"count":124,"href":"https:\/\/domwil-verdi.pl\/index.php?rest_route=\/wp\/v2\/pages\/851\/revisions"}],"predecessor-version":[{"id":1112,"href":"https:\/\/domwil-verdi.pl\/index.php?rest_route=\/wp\/v2\/pages\/851\/revisions\/1112"}],"wp:attachment":[{"href":"https:\/\/domwil-verdi.pl\/index.php?rest_route=%2Fwp%2Fv2%2Fmedia&parent=851"}],"curies":[{"name":"wp","href":"https:\/\/api.w.org\/{rel}","templated":true}]}}